{"id":89,"date":"2014-09-08T10:37:23","date_gmt":"2014-09-08T08:37:23","guid":{"rendered":"http:\/\/rr32.de.w0101911.kasserver.com\/wp\/?page_id=89"},"modified":"2020-07-23T20:38:10","modified_gmt":"2020-07-23T18:38:10","slug":"impressum","status":"publish","type":"page","link":"https:\/\/rr32.de\/?page_id=89","title":{"rendered":"Impressum"},"content":{"rendered":"<p><b>Verantwortlich f\u00fcr diese Seite ist:<\/b><br \/>\nVolksmission Asch<br \/>\nRoyalRangers Stamm 32<br \/>\nStammleiter Reinhard Bohnacker<br \/>\nIm Geflinse 16<br \/>\n89143 Blaubeuren &#8211; Asch<br \/>\nstammleitung@rr32.de<\/p>\n<p>Wir \u00fcbernehmen keinerlei Haftung f\u00fcr die Inhalte der verlinkten Seiten.<br \/>\nN\u00e4heres hierzu im <a title=\"Diaclaimer\" href=\"http:\/\/www.disclaimer.de\/disclaimer.htm\" target=\"_blank\" rel=\"noopener noreferrer\">Disclaimer<\/a>.<\/p>\n","protected":false},"excerpt":{"rendered":"<p>Verantwortlich f\u00fcr diese Seite ist: Volksmission Asch RoyalRangers Stamm 32 Stammleiter Reinhard Bohnacker Im Geflinse 16 89143 Blaubeuren &#8211; Asch stammleitung@rr32.de Wir \u00fcbernehmen keinerlei Haftung f\u00fcr die Inhalte der verlinkten Seiten. N\u00e4heres hierzu im Disclaimer.<\/p>\n","protected":false},"author":2,"featured_media":0,"parent":0,"menu_order":0,"comment_status":"closed","ping_status":"closed","template":"page-templates\/full-width.php","meta":{"footnotes":""},"class_list":["post-89","page","type-page","status-publish","hentry","entry"],"_links":{"self":[{"href":"https:\/\/rr32.de\/index.php?rest_route=\/wp\/v2\/pages\/89","targetHints":{"allow":["GET"]}}],"collection":[{"href":"https:\/\/rr32.de\/index.php?rest_route=\/wp\/v2\/pages"}],"about":[{"href":"https:\/\/rr32.de\/index.php?rest_route=\/wp\/v2\/types\/page"}],"author":[{"embeddable":true,"href":"https:\/\/rr32.de\/index.php?rest_route=\/wp\/v2\/users\/2"}],"replies":[{"embeddable":true,"href":"https:\/\/rr32.de\/index.php?rest_route=%2Fwp%2Fv2%2Fcomments&post=89"}],"version-history":[{"count":7,"href":"https:\/\/rr32.de\/index.php?rest_route=\/wp\/v2\/pages\/89\/revisions"}],"predecessor-version":[{"id":1253,"href":"https:\/\/rr32.de\/index.php?rest_route=\/wp\/v2\/pages\/89\/revisions\/1253"}],"wp:attachment":[{"href":"https:\/\/rr32.de\/index.php?rest_route=%2Fwp%2Fv2%2Fmedia&parent=89"}],"curies":[{"name":"wp","href":"https:\/\/api.w.org\/{rel}","templated":true}]}}