{"id":889,"date":"2018-05-23T10:19:37","date_gmt":"2018-05-23T08:19:37","guid":{"rendered":"http:\/\/rr32.de\/?page_id=889"},"modified":"2025-04-07T18:20:24","modified_gmt":"2025-04-07T16:20:24","slug":"datenschutz","status":"publish","type":"page","link":"https:\/\/rr32.de\/?page_id=889","title":{"rendered":"Datenschutz"},"content":{"rendered":"<h2>Verantwortung<\/h2>\n<p>Die verantwortliche Stelle im Sinne des Datenschutzgesetzes<br \/>\nf\u00fcr diese Website ist:<\/p>\n<p>AlbKirche, Gemeinde der Via Movement e.V<br \/>\nIm Geflinse 16<br \/>\n89143 Blaubeuren-Asch<\/p>\n<p>Tel: 07344 \/ 3639<br \/>\nE-Mail: asch@volksmission.de<\/p>\n<p>Pastorin: Xenia Besenreuther<br \/>\nGemeindeleiter: Reinhard Sch\u00fcle<\/p>\n<h2>BFP-Datenschutzordnung<\/h2>\n<p>Als Volksmissionsgemeinde sind wir Teil des BFP und somit gilt f\u00fcr uns die BFP-Datenschutzordnung in der jeweils aktuellen Fassung (http:\/\/datenschutz.bfp.de)<\/p>\n<h2>Datenschutz in Asch<\/h2>\n<p>Wir nehmen den Schutz Ihrer pers\u00f6nlichen Daten sehr ernst und behandeln Ihre personenbezogenen Daten vertraulich und entsprechend der gesetzlichen Datenschutzvorschriften sowie dieser Datenschutzerkl\u00e4rung. Zweck der Verarbeitung von Daten ist das Betreiben einer Website mit Informationen der Volksmission Asch e.C. \u00a0und der M\u00f6glichkeit der Kontaktaufnahme.<\/p>\n<h3>Erfassung allgemeiner Informationen<\/h3>\n<p>Wenn Sie auf unsere Webseite zugreifen, werden automatisch Informationen allgemeiner Natur erfasst. Diese Informationen (Server-Logfiles) beinhalten etwa die Art des Webbrowsers, das verwendete Betriebssystem, den Domainnamen Ihres Internet Service Providers und \u00c4hnliches. Hierbei handelt es sich ausschlie\u00dflich um Informationen, welche keine R\u00fcckschl\u00fcsse auf Ihre Person zulassen. Diese Informationen sind technisch notwendig, um von Ihnen angeforderte Inhalte von Webseiten korrekt auszuliefern und fallen bei Nutzung des Internets zwingend an. Anonyme Informationen dieser Art werden von uns statistisch ausgewertet, um unseren Internetauftritt und die dahinterstehende Technik zu optimieren.<\/p>\n<h3>SSL-Verschl\u00fcsselung<\/h3>\n<p>Um die Sicherheit Ihrer Daten bei der \u00dcbertragung zu sch\u00fctzen, verwenden wir dem aktuellen Stand der Technik entsprechende Verschl\u00fcsselungsverfahren (z. B. SSL) \u00fcber HTTPS.<\/p>\n<h3>Kontaktformular<\/h3>\n<p>Treten Sie per E-Mail oder Kontaktformular mit uns in Kontakt, werden die von Ihnen gemachten Angaben zum Zwecke der Bearbeitung der Anfrage sowie f\u00fcr m\u00f6gliche Anschlussfragen gespeichert.<\/p>\n<h3>CMS und Hosting der Webseite<\/h3>\n<p>Unsere Webseite wurde mit dem Contentmanagementsystem (CMS) WordPress\u00a0 erstellt. WordPress ist ein Open Source Projekt, d.h. die Programme sind ver\u00f6ffentlicht und stehen unter st\u00e4ndiger, \u00f6ffentlicher Kontrolle. Die Webseite wird bei all-inkl (<a href=\"http:\/\/all-inkl.com\">http:\/\/all-inkl.com<\/a>) gehostet, einem Rechenzentrum in Deutschland unter deutschem Recht.<\/p>\n<h3>L\u00f6schung bzw. Einschr\u00e4nkung der Verarbeitung (Sperren) der Daten<\/h3>\n<p>Wir halten uns an die Grunds\u00e4tze der Datenvermeidung und Datensparsamkeit. Wir speichern Ihre personenbezogenen Daten daher nur so lange, wie dies zur Erreichung der hier genannten Zwecke erforderlich ist oder wie es die vom Gesetzgeber vorgesehenen vielf\u00e4ltigen Speicherfristen vorsehen. Nach Wegfall des jeweiligen Zweckes bzw. Ablauf dieser Fristen werden die entsprechenden Daten routinem\u00e4\u00dfig und entsprechend den gesetzlichen Vorschriften in der Verarbeitung eingeschr\u00e4nkt (gesperrt) oder gel\u00f6scht.<\/p>\n<h3>Eingebettete YouTube-Videos<\/h3>\n<p>Auf einigen unserer Webseiten betten wir Youtube-Videos ein. Betreiber der entsprechenden Plugins ist die \u201eYouTube, LLC, 901 Cherry Ave., San Bruno, CA 94066, USA\u201c. Wenn Sie eine Seite mit dem YouTube-Plugin besuchen, wird eine Verbindung zu Servern von Youtube hergestellt. Dabei wird Youtube mitgeteilt, welche Seiten Sie besuchen. Wenn Sie in Ihrem Youtube-Account eingeloggt sind, kann Youtube Ihr Surfverhalten Ihnen pers\u00f6nlich zuzuordnen. Dies verhindern Sie, indem Sie sich vorher aus Ihrem Youtube-Account ausloggen. Wird ein Youtube-Video gestartet, setzt der Anbieter Cookies ein, die Hinweise \u00fcber das Nutzerverhalten sammeln. Wer das Speichern von Cookies f\u00fcr das Google-Ad-Programm deaktiviert hat, wird auch beim Anschauen von Youtube-Videos mit keinen solchen Cookies rechnen m\u00fcssen. Youtube legt aber auch in anderen Cookies nicht-personenbezogene Nutzungsinformationen ab. M\u00f6chten Sie dies verhindern, so m\u00fcssen Sie das Speichern von Cookies im Browser blockieren. Weitere Informationen zum Datenschutz bei \u201eYoutube\u201c finden Sie in der Datenschutzerkl\u00e4rung des Anbieters unter: <a href=\"http:\/\/www.google.com\/policies\/privacy\">www.google.com\/policies\/privacy<\/a><\/p>\n<h3>Rechte auf Auskunft, Berichtigung, Einschr\u00e4nkung, L\u00f6schung und Widerspruch<\/h3>\n<p>Sie haben das Recht, jederzeit Auskunft \u00fcber Ihre bei uns gespeicherten personenbezogenen Daten zu erhalten. Ebenso haben Sie das Recht auf Berichtigung, Einschr\u00e4nkung der Verarbeitung (Sperrung) oder, abgesehen von der vorgeschriebenen Datenspeicherung zur Gesch\u00e4ftsabwicklung, L\u00f6schung Ihrer personenbezogenen Daten. Bitte wenden Sie sich dazu an unseren Datenschutzbeauftragten (siehe oben) Damit eine Einschr\u00e4nkung bzw. Sperre von Daten jederzeit ber\u00fccksichtigt werden kann, m\u00fcssen diese Daten zu Kontrollzwecken in einer Sperrdatei vorgehalten werden. Sie k\u00f6nnen auch die L\u00f6schung der Daten verlangen, soweit keine gesetzliche Archivierungsverpflichtung besteht. Soweit eine solche Verpflichtung besteht, schr\u00e4nken wir auf alle F\u00e4lle die Verarbeitung Ihre Daten ein. Sie k\u00f6nnen \u00c4nderungen oder den Widerruf einer Einwilligung durch entsprechende Mitteilung an uns mit Wirkung f\u00fcr die Zukunft vornehmen.<\/p>\n<h3>\u00c4nderung unserer Datenschutzbestimmungen<\/h3>\n<p>Wir behalten uns vor, diese Datenschutzerkl\u00e4rung gelegentlich anzupassen, damit sie stets den aktuellen rechtlichen Anforderungen entspricht oder um \u00c4nderungen unserer Leistungen in der Datenschutz\u00aderkl\u00e4rung umzusetzen, z. B. bei der Einf\u00fchrung neuer Services. F\u00fcr Ihren erneuten Besuch gilt dann die neue Datenschutzerkl\u00e4rung.<\/p>\n","protected":false},"excerpt":{"rendered":"<p>Verantwortung Die verantwortliche Stelle im Sinne des Datenschutzgesetzes f\u00fcr diese Website ist: AlbKirche, Gemeinde der Via Movement e.V Im Geflinse 16 89143 Blaubeuren-Asch Tel: 07344 \/ 3639 E-Mail: asch@volksmission.de Pastorin: Xenia Besenreuther Gemeindeleiter: Reinhard Sch\u00fcle BFP-Datenschutzordnung Als Volksmissionsgemeinde sind wir Teil des BFP und somit gilt f\u00fcr uns die BFP-Datenschutzordnung in der jeweils aktuellen Fassung [&hellip;]<\/p>\n","protected":false},"author":2,"featured_media":0,"parent":0,"menu_order":0,"comment_status":"closed","ping_status":"closed","template":"page-templates\/full-width.php","meta":{"footnotes":""},"class_list":["post-889","page","type-page","status-publish","hentry","entry"],"_links":{"self":[{"href":"https:\/\/rr32.de\/index.php?rest_route=\/wp\/v2\/pages\/889","targetHints":{"allow":["GET"]}}],"collection":[{"href":"https:\/\/rr32.de\/index.php?rest_route=\/wp\/v2\/pages"}],"about":[{"href":"https:\/\/rr32.de\/index.php?rest_route=\/wp\/v2\/types\/page"}],"author":[{"embeddable":true,"href":"https:\/\/rr32.de\/index.php?rest_route=\/wp\/v2\/users\/2"}],"replies":[{"embeddable":true,"href":"https:\/\/rr32.de\/index.php?rest_route=%2Fwp%2Fv2%2Fcomments&post=889"}],"version-history":[{"count":4,"href":"https:\/\/rr32.de\/index.php?rest_route=\/wp\/v2\/pages\/889\/revisions"}],"predecessor-version":[{"id":1589,"href":"https:\/\/rr32.de\/index.php?rest_route=\/wp\/v2\/pages\/889\/revisions\/1589"}],"wp:attachment":[{"href":"https:\/\/rr32.de\/index.php?rest_route=%2Fwp%2Fv2%2Fmedia&parent=889"}],"curies":[{"name":"wp","href":"https:\/\/api.w.org\/{rel}","templated":true}]}}