{"id":51,"date":"2014-09-08T10:01:26","date_gmt":"2014-09-08T08:01:26","guid":{"rendered":"http:\/\/rr32.de.w0101911.kasserver.com\/wp\/?page_id=51"},"modified":"2025-07-24T13:23:11","modified_gmt":"2025-07-24T11:23:11","slug":"wer-sind-wir","status":"publish","type":"page","link":"https:\/\/rr32.de\/?page_id=51","title":{"rendered":"Wer sind wir ?"},"content":{"rendered":"<h2><strong>Royal Rangers &#8211; Wer sind wir \u00fcberhaupt?<\/strong><\/h2>\n<p>Die Royal Rangers sind eine internationale christliche Pfadfinderschaft mit weltweit 250.000 Mitgliedern. Sie sind als Mitglied im Bundesjugendwerk des Bundes Freikirchlicher Pfingstgemeinden (BFP) K.d.\u00f6.R anerkannter Tr\u00e4ger der freien Jugendhilfe und werden durch das Bundesministerium f\u00fcr Familie, Senioren, Frauen und Jugend gef\u00f6rdert.<\/p>\n<p>Gegr\u00fcndet wurden die Royal Rangers 1962 von dem Amerikaner Johnnie Barnes. Ab 1980 entstanden die ersten Pfadfinderst\u00e4mme in Deutschland.<\/p>\n<p>1987 wurde der Royal Rangers Stamm 32 in Asch gegr\u00fcndet. Heute gibt es in Deutschland \u00fcber 440 St\u00e4mme (Ortsgruppen) <span style=\"font-size: revert;\">mit rund 26.700 Mitgliedern, die sich auf f\u00fcnf Distrikte (Nord, Ost, West, Baden-W\u00fcrttemberg und Bayern) mit insgesamt 38 Regionen verteilen.<\/span><\/p>\n<p>Als Pfadfinder sind wir gemeinsam auf einem Wachstumspfad, auf dem wir uns k\u00f6rperlich, geistig, geistlich und gesellschaftlich weiterentwickeln wollen. Unsere Goldene Regel \u201eAlles was ihr f\u00fcr euch von den Menschen erwartet, das tut ihnen auch\u201c (Matth\u00e4us 7,12) ist uns dabei eine wertvolle Orientierungshilfe.<\/p>\n<p>Auf der Basis christlicher Ethik und pfadfinderischer Prinzipien m\u00f6chten wir als christliche Pfadfinderschaft junge Menschen zu einer lebensbejahenden Einstellung motivieren, zu einem eigenverantwortlichen Leben und zu einem Leben in Achtung vor dem Leben, zu dem sowohl der Schutz unserer Umwelt als auch verantwortungsbewusstes soziales Handeln geh\u00f6ren. Unser Engagement als christliche Pfadfinder kommt in unserem Versprechen zum Ausdruck, in dem es hei\u00dft, dass wir mit Gottes Hilfe unser Bestes tun wollen, um Gott, unserer Gemeinde und unseren Mitmenschen zu dienen.<\/p>\n<p>Tr\u00e4ger und Unterst\u00fctzer der \u00f6rtlichen Royal Rangers ist die evangelische Freikirche AlbKirche Asch e.V.<\/p>\n<div>\u00a0<\/div>\n<div aria-live=\"off\" aria-atomic=\"true\">\u00a0<\/div>\n\n\n<hr class=\"wp-block-separator has-alpha-channel-opacity\"\/>\n\n\n\n<p>.<br>&nbsp;<\/p>\n\n\n\n<h2 class=\"wp-block-heading\">GRUNDSATZ<\/h2>\n\n\n\n<h3 class=\"wp-block-heading has-text-color has-link-color wp-elements-15645640441458354b25eb0971a66653\" style=\"color:#d4af37;text-decoration:none;text-transform:none\">Die Goldene Regel<\/h3>\n\n\n\n<p>&#8222;Alles, was ihr f\u00fcr euch von den Menschen erwartet, das tut ihnen auch!&#8220; (Matth\u00e4us 7,12)<br><br>Die Goldene Regel ist ein Leitspruch mit dem sich die Royal Rangers gerne identifizieren. Er kommt auch im Royal Rangers-Versprechen vor und bildet die Grundlage f\u00fcr den respektvollen Umgang mit Anderen.<br>&nbsp;<br>&nbsp;<br><br><\/p>\n\n\n\n<hr class=\"wp-block-separator has-alpha-channel-opacity\"\/>\n\n\n\n<h2 class=\"wp-block-heading\">Aktivit\u00e4ten der Royal Rangers<\/h2>\n\n\n\n<h3 class=\"wp-block-heading\">Stamm &#8211; und Teamtreffs<\/h3>\n\n\n\n<p>Royal Rangers treffen sich in der Regel w\u00f6chentlich in ihrem Stammposten. Singen und Spielen geh\u00f6rt hier genauso zum Programm wie das Erlernen von Pfadfindertechniken. Dazu z\u00e4hlen Knoten, Feuermachen, der Umgang mit Werkzeug, Erste Hilfe aber auch das Erlernen sozialer Kompetenzen und das Auseinandersetzten mit dem christlichen Glauben.Wichtigstes Element der Royal-Rangers-Arbeit ist der Teamtreff. In kleinen Teams aus sechs bis zehn Teilnehmern gleichen Alters und Geschlechts werden die Kinder entsprechend ihren F\u00e4higkeiten gef\u00f6rdert.<\/p>\n\n\n\n<h3 class=\"wp-block-heading\">Camps<\/h3>\n\n\n\n<p>Das j\u00e4hrliche stattfindende Pfingst-, Sommer- oder Wintercamp ist meist auch das Highlight des Rangerjahres. W\u00e4hrend eines Camps haben die Teams Zeit, sich eingehend mit den Pfadfindertechniken auseinander zu setzten. Jetzt findet das Gelernte Anwendung. Auf dem eigenen Teambereich (der Platz, auf dem jedes Team sein zuhause hat), werden neben dem Schlafzelt auch ein Feuertisch und ein Essplatz gebaut. Diese Bauten bestehen dabei ausschlie\u00dflich aus Holz und werden durch stabile B\u00fcnde zusammengehalten.&nbsp;<\/p>\n\n\n\n<h3 class=\"wp-block-heading\">Hajks<\/h3>\n\n\n\n<p>Hajk ist ein aus dem Nordischen stammender Begriff, der in vielen Pfadfinderbewegungen und auch ganz allgemein Verwendung findet. Generell verbinden Royal Rangers damit, unterwegs zu sein: z.B. zu Fu\u00df, mit dem Kanu oder Fahrrad. Drau\u00dfen in der Natur sind Royal Rangers zu Hause, erleben Abenteuer und bestehen Herausforderungen. Bei einem Hajk packen die Rangers alles N\u00f6tige in den Rucksack und ziehen los.&nbsp;<\/p>\n","protected":false},"excerpt":{"rendered":"<p>Royal Rangers &#8211; Wer sind wir \u00fcberhaupt? Die Royal Rangers sind eine internationale christliche Pfadfinderschaft mit weltweit 250.000 Mitgliedern. Sie sind als Mitglied im Bundesjugendwerk des Bundes Freikirchlicher Pfingstgemeinden (BFP) K.d.\u00f6.R anerkannter Tr\u00e4ger der freien Jugendhilfe und werden durch das Bundesministerium f\u00fcr Familie, Senioren, Frauen und Jugend gef\u00f6rdert. Gegr\u00fcndet wurden die Royal Rangers 1962 von [&hellip;]<\/p>\n","protected":false},"author":2,"featured_media":0,"parent":0,"menu_order":0,"comment_status":"closed","ping_status":"closed","template":"page-templates\/full-width.php","meta":{"footnotes":""},"class_list":["post-51","page","type-page","status-publish","hentry","entry"],"_links":{"self":[{"href":"https:\/\/rr32.de\/index.php?rest_route=\/wp\/v2\/pages\/51","targetHints":{"allow":["GET"]}}],"collection":[{"href":"https:\/\/rr32.de\/index.php?rest_route=\/wp\/v2\/pages"}],"about":[{"href":"https:\/\/rr32.de\/index.php?rest_route=\/wp\/v2\/types\/page"}],"author":[{"embeddable":true,"href":"https:\/\/rr32.de\/index.php?rest_route=\/wp\/v2\/users\/2"}],"replies":[{"embeddable":true,"href":"https:\/\/rr32.de\/index.php?rest_route=%2Fwp%2Fv2%2Fcomments&post=51"}],"version-history":[{"count":14,"href":"https:\/\/rr32.de\/index.php?rest_route=\/wp\/v2\/pages\/51\/revisions"}],"predecessor-version":[{"id":1764,"href":"https:\/\/rr32.de\/index.php?rest_route=\/wp\/v2\/pages\/51\/revisions\/1764"}],"wp:attachment":[{"href":"https:\/\/rr32.de\/index.php?rest_route=%2Fwp%2Fv2%2Fmedia&parent=51"}],"curies":[{"name":"wp","href":"https:\/\/api.w.org\/{rel}","templated":true}]}}