{"id":1523,"date":"2025-04-07T15:49:37","date_gmt":"2025-04-07T13:49:37","guid":{"rendered":"https:\/\/rr32.de\/?page_id=1523"},"modified":"2025-12-04T12:37:08","modified_gmt":"2025-12-04T10:37:08","slug":"startseite","status":"publish","type":"page","link":"https:\/\/rr32.de\/","title":{"rendered":"Royal Rangers Asch Stamm 32"},"content":{"rendered":"\n<h1 style=\" font-family: 'Anton', sans-serif; font-size: 48px; text-transform: uppercase; text-align: center; margin: 40px 0; \"> Wir lieben das Abenteuer! <\/h1>\n\n\n\n<h4 class=\"wp-block-heading\"><strong>Herzlich Willkommen auf der Homepage vom Stamm 32 Asch der Royal Rangers, wir w\u00fcnschen dir viel Spa\u00df beim st\u00f6bern und entdecken.<\/strong><\/h4>\n\n\n\n<div class=\"wp-block-media-text is-stacked-on-mobile\"><figure class=\"wp-block-media-text__media\"><img loading=\"lazy\" decoding=\"async\" width=\"1024\" height=\"512\" src=\"https:\/\/rr32.de\/wp\/wp-content\/uploads\/2014\/09\/Intro01-1024x512.jpg\" alt=\"\" class=\"wp-image-459 size-full\" srcset=\"https:\/\/rr32.de\/wp\/wp-content\/uploads\/2014\/09\/Intro01-1024x512.jpg 1024w, https:\/\/rr32.de\/wp\/wp-content\/uploads\/2014\/09\/Intro01-300x150.jpg 300w, https:\/\/rr32.de\/wp\/wp-content\/uploads\/2014\/09\/Intro01.jpg 1200w\" sizes=\"auto, (max-width: 1024px) 100vw, 1024px\" \/><\/figure><div class=\"wp-block-media-text__content\">\n<h2 class=\"wp-block-heading\"><a href=\"https:\/\/rr32.de\/?page_id=51\" data-type=\"page\" data-id=\"51\"><strong>Wer sind wir?<\/strong><\/a><\/h2>\n\n\n\n<p>Royal Rangers <br>Werte und Hintergrundgedanken der christlichen Pfandfinder<\/p>\n\n\n\n<div class=\"wp-block-group is-layout-grid wp-container-core-group-is-layout-9649a0d9 wp-block-group-is-layout-grid\"><\/div>\n<\/div><\/div>\n\n\n\n<div class=\"wp-block-media-text has-media-on-the-right is-stacked-on-mobile\" style=\"grid-template-columns:auto 36%\"><div class=\"wp-block-media-text__content\">\n<h2 class=\"wp-block-heading\"><a href=\"https:\/\/rr32.de\/?page_id=53\" data-type=\"page\" data-id=\"53\"><strong>Unser Stamm 32<\/strong><\/a><\/h2>\n\n\n\n<p>Neu hier? Hier erf\u00e4hrst du, wie unser Stamm organisiert ist und welche Teams wir haben.<\/p>\n<\/div><figure class=\"wp-block-media-text__media\"><img loading=\"lazy\" decoding=\"async\" width=\"1024\" height=\"768\" src=\"https:\/\/rr32.de\/wp\/wp-content\/uploads\/2025\/08\/1209102-1024x768.jpg\" alt=\"\" class=\"wp-image-1769 size-full\" srcset=\"https:\/\/rr32.de\/wp\/wp-content\/uploads\/2025\/08\/1209102-1024x768.jpg 1024w, https:\/\/rr32.de\/wp\/wp-content\/uploads\/2025\/08\/1209102-300x225.jpg 300w, https:\/\/rr32.de\/wp\/wp-content\/uploads\/2025\/08\/1209102-768x576.jpg 768w, https:\/\/rr32.de\/wp\/wp-content\/uploads\/2025\/08\/1209102-1536x1152.jpg 1536w, https:\/\/rr32.de\/wp\/wp-content\/uploads\/2025\/08\/1209102.jpg 2048w\" sizes=\"auto, (max-width: 1024px) 100vw, 1024px\" \/><\/figure><\/div>\n\n\n\n<div class=\"wp-block-media-text is-stacked-on-mobile\" style=\"grid-template-columns:40% auto\"><figure class=\"wp-block-media-text__media\"><img loading=\"lazy\" decoding=\"async\" width=\"1024\" height=\"576\" src=\"https:\/\/rr32.de\/wp\/wp-content\/uploads\/2025\/04\/20160521_111957_1240-1024x576-2.jpg\" alt=\"\" class=\"wp-image-1505 size-full\" srcset=\"https:\/\/rr32.de\/wp\/wp-content\/uploads\/2025\/04\/20160521_111957_1240-1024x576-2.jpg 1024w, https:\/\/rr32.de\/wp\/wp-content\/uploads\/2025\/04\/20160521_111957_1240-1024x576-2-300x169.jpg 300w, https:\/\/rr32.de\/wp\/wp-content\/uploads\/2025\/04\/20160521_111957_1240-1024x576-2-768x432.jpg 768w, https:\/\/rr32.de\/wp\/wp-content\/uploads\/2025\/04\/20160521_111957_1240-1024x576-2-800x450.jpg 800w\" sizes=\"auto, (max-width: 1024px) 100vw, 1024px\" \/><\/figure><div class=\"wp-block-media-text__content\">\n<h2 class=\"wp-block-heading\"><a href=\"https:\/\/rr32.de\/?page_id=55\" data-type=\"page\" data-id=\"55\">Aktuelles<\/a><\/h2>\n\n\n\n<p>Wir f\u00fchren regelm\u00e4\u00dfig tolle Aktionen durch. Hier halten wir dich immer mit Neuigkeiten von uns auf dem Laufenden.&nbsp;<\/p>\n<\/div><\/div>\n\n\n\n<p><\/p>\n\n\n\n<h2 class=\"wp-block-heading\"><strong>Unsere Leitung<\/strong><\/h2>\n\n\n\n<div class=\"wp-block-media-text\" style=\"grid-template-columns:20% auto\"><figure class=\"wp-block-media-text__media\"><img loading=\"lazy\" decoding=\"async\" width=\"500\" height=\"500\" src=\"https:\/\/rr32.de\/wp\/wp-content\/uploads\/2025\/09\/2.png\" alt=\"\" class=\"wp-image-1778 size-full\" srcset=\"https:\/\/rr32.de\/wp\/wp-content\/uploads\/2025\/09\/2.png 500w, https:\/\/rr32.de\/wp\/wp-content\/uploads\/2025\/09\/2-300x300.png 300w, https:\/\/rr32.de\/wp\/wp-content\/uploads\/2025\/09\/2-150x150.png 150w\" sizes=\"auto, (max-width: 500px) 100vw, 500px\" \/><\/figure><div class=\"wp-block-media-text__content\">\n<p><strong>Stammleiter: Reinhard Bonacker<\/strong><\/p>\n\n\n\n<p><strong>Stammwart: Jonathan Oloier<\/strong><\/p>\n<\/div><\/div>\n\n\n\n<h2 class=\"wp-block-heading\">Folge uns auf <a href=\"https:\/\/www.instagram.com\/royalrangers32\/\"><img loading=\"lazy\" decoding=\"async\" width=\"180\" height=\"47\" class=\"wp-image-1685\" style=\"width: 180px;\" src=\"https:\/\/rr32.de\/wp\/wp-content\/uploads\/2025\/04\/new-instagram-text-logo.png\" alt=\"\" srcset=\"https:\/\/rr32.de\/wp\/wp-content\/uploads\/2025\/04\/new-instagram-text-logo.png 1000w, https:\/\/rr32.de\/wp\/wp-content\/uploads\/2025\/04\/new-instagram-text-logo-300x78.png 300w, https:\/\/rr32.de\/wp\/wp-content\/uploads\/2025\/04\/new-instagram-text-logo-768x199.png 768w\" sizes=\"auto, (max-width: 180px) 100vw, 180px\" \/><\/a><\/h2>\n\n\n\n<p>Wenn du interessiert bist, was bei uns alles l\u00e4uft, kannst du auch gerne unsere Kanal besuchen, liken und abonnieren.<\/p>\n\n\n\n<h2 class=\"wp-block-heading\"><strong><a href=\"https:\/\/rr32.de\/?page_id=59\" data-type=\"page\" data-id=\"59\">KONTAKT<\/a><\/strong><\/h2>\n\n\n\n<p>Du hast eine Frage, oder m\u00f6chtest uns etwas mitteilen?&nbsp;<\/p>\n\n\n\n<p>Dann schreib uns doch einfach eine Nachricht.<\/p>\n\n\n\n<p><\/p>\n\n\n\n<h2 class=\"wp-block-heading\">So findest du uns:<\/h2>\n\n\n\n<iframe src=\"https:\/\/www.google.com\/maps\/embed?pb=!1m18!1m12!1m3!1d2646.7635259489175!2d9.81612647685756!3d48.44187817127866!2m3!1f0!2f0!3f0!3m2!1i1024!2i768!4f13.1!3m3!1m2!1s0x47997a6a5fcc287d%3A0x68cb93844144a941!2sAlbKirche!5e0!3m2!1sde!2sde!4v1744209400699!5m2!1sde!2sde\" width=\"600\" height=\"450\" style=\"border:0;\" allowfullscreen=\"\" loading=\"lazy\" referrerpolicy=\"no-referrer-when-downgrade\"><\/iframe>\n\n\n\n<p><\/p>\n\n\n\n<p><\/p>\n","protected":false},"excerpt":{"rendered":"<p>Wir lieben das Abenteuer! Herzlich Willkommen auf der Homepage vom Stamm 32 Asch der Royal Rangers, wir w\u00fcnschen dir viel Spa\u00df beim st\u00f6bern und entdecken. Unser Stamm 32 Neu hier? Hier erf\u00e4hrst du, wie unser Stamm organisiert ist und welche Teams wir haben. Aktuelles Wir f\u00fchren regelm\u00e4\u00dfig tolle Aktionen durch. Hier halten wir dich immer [&hellip;]<\/p>\n","protected":false},"author":4,"featured_media":0,"parent":0,"menu_order":0,"comment_status":"closed","ping_status":"closed","template":"","meta":{"footnotes":""},"class_list":["post-1523","page","type-page","status-publish","hentry","entry"],"_links":{"self":[{"href":"https:\/\/rr32.de\/index.php?rest_route=\/wp\/v2\/pages\/1523","targetHints":{"allow":["GET"]}}],"collection":[{"href":"https:\/\/rr32.de\/index.php?rest_route=\/wp\/v2\/pages"}],"about":[{"href":"https:\/\/rr32.de\/index.php?rest_route=\/wp\/v2\/types\/page"}],"author":[{"embeddable":true,"href":"https:\/\/rr32.de\/index.php?rest_route=\/wp\/v2\/users\/4"}],"replies":[{"embeddable":true,"href":"https:\/\/rr32.de\/index.php?rest_route=%2Fwp%2Fv2%2Fcomments&post=1523"}],"version-history":[{"count":58,"href":"https:\/\/rr32.de\/index.php?rest_route=\/wp\/v2\/pages\/1523\/revisions"}],"predecessor-version":[{"id":1797,"href":"https:\/\/rr32.de\/index.php?rest_route=\/wp\/v2\/pages\/1523\/revisions\/1797"}],"wp:attachment":[{"href":"https:\/\/rr32.de\/index.php?rest_route=%2Fwp%2Fv2%2Fmedia&parent=1523"}],"curies":[{"name":"wp","href":"https:\/\/api.w.org\/{rel}","templated":true}]}}